{"id":4774,"date":"2022-11-30T14:08:42","date_gmt":"2022-11-30T13:08:42","guid":{"rendered":"https:\/\/denieuwewinkel.com\/botanische-gastronomie\/"},"modified":"2026-01-14T11:25:02","modified_gmt":"2026-01-14T10:25:02","slug":"botanische-gastronomie","status":"publish","type":"page","link":"https:\/\/denieuwewinkel.com\/de\/botanische-gastronomie\/","title":{"rendered":"Botanische Gastronomie"},"content":{"rendered":"<div class=\"wpb-content-wrapper\"><p>[vc_row row_height_percent=&#8221;0&#8243; override_padding=&#8221;yes&#8221; h_padding=&#8221;2&#8243; top_padding=&#8221;5&#8243; bottom_padding=&#8221;2&#8243; overlay_alpha=&#8221;50&#8243; gutter_size=&#8221;3&#8243; column_width_use_pixel=&#8221;yes&#8221; shift_y=&#8221;0&#8243; z_index=&#8221;0&#8243; uncode_shortcode_id=&#8221;117263&#8243; el_class=&#8221;header-menukaart&#8221; column_width_pixel=&#8221;1300&#8243;][vc_column column_width_percent=&#8221;100&#8243; align_horizontal=&#8221;align_center&#8221; gutter_size=&#8221;3&#8243; style=&#8221;dark&#8221; overlay_alpha=&#8221;50&#8243; shift_x=&#8221;0&#8243; shift_y=&#8221;0&#8243; shift_y_down=&#8221;0&#8243; z_index=&#8221;0&#8243; medium_width=&#8221;0&#8243; mobile_width=&#8221;0&#8243; width=&#8221;1\/1&#8243; uncode_shortcode_id=&#8221;183339&#8243;][vc_custom_heading text_color=&#8221;color-456047&#8243; heading_semantic=&#8221;h1&#8243; text_font=&#8221;font-157605&#8243; text_size=&#8221;fontsize-787977&#8243; text_transform=&#8221;uppercase&#8221; uncode_shortcode_id=&#8221;350132&#8243; text_color_type=&#8221;uncode-palette&#8221;]Botanische Gastronomie[\/vc_custom_heading][vc_column_text text_lead=&#8221;yes&#8221; uncode_shortcode_id=&#8221;893815&#8243; el_class=&#8221;margin-top-10&#8243;]Mehr als die Summe ihrer Teile[\/vc_column_text][vc_empty_space empty_h=&#8221;2&#8243;][vc_row_inner row_inner_height_percent=&#8221;0&#8243; overlay_alpha=&#8221;50&#8243; gutter_size=&#8221;3&#8243; shift_y=&#8221;0&#8243; z_index=&#8221;0&#8243; medium_visibility=&#8221;yes&#8221; mobile_visibility=&#8221;yes&#8221; uncode_shortcode_id=&#8221;170620&#8243;][vc_column_inner width=&#8221;1\/1&#8243;][vc_single_image media=&#8221;4771&#8243; media_width_percent=&#8221;100&#8243; media_ratio=&#8221;two-one&#8221; shape=&#8221;img-round&#8221; radius=&#8221;std&#8221; uncode_shortcode_id=&#8221;113585&#8243; el_class=&#8221;video-container&#8221;][\/vc_column_inner][\/vc_row_inner][vc_row_inner row_inner_height_percent=&#8221;0&#8243; overlay_alpha=&#8221;50&#8243; gutter_size=&#8221;3&#8243; shift_y=&#8221;0&#8243; z_index=&#8221;0&#8243; desktop_visibility=&#8221;yes&#8221; uncode_shortcode_id=&#8221;187351&#8243;][vc_column_inner width=&#8221;1\/1&#8243;][vc_single_image media=&#8221;4772&#8243; media_width_percent=&#8221;100&#8243; media_ratio=&#8221;two-one&#8221; shape=&#8221;img-round&#8221; radius=&#8221;std&#8221; uncode_shortcode_id=&#8221;109203&#8243; el_class=&#8221;video-container&#8221;][\/vc_column_inner][\/vc_row_inner][\/vc_column][\/vc_row][vc_row row_height_percent=&#8221;0&#8243; override_padding=&#8221;yes&#8221; h_padding=&#8221;2&#8243; top_padding=&#8221;3&#8243; bottom_padding=&#8221;3&#8243; overlay_alpha=&#8221;50&#8243; gutter_size=&#8221;3&#8243; column_width_use_pixel=&#8221;yes&#8221; shift_y=&#8221;0&#8243; z_index=&#8221;0&#8243; uncode_shortcode_id=&#8221;118475&#8243; column_width_pixel=&#8221;850&#8243;][vc_column column_width_percent=&#8221;100&#8243; gutter_size=&#8221;3&#8243; overlay_alpha=&#8221;50&#8243; shift_x=&#8221;0&#8243; shift_y=&#8221;0&#8243; shift_y_down=&#8221;0&#8243; z_index=&#8221;0&#8243; medium_width=&#8221;0&#8243; mobile_width=&#8221;0&#8243; width=&#8221;1\/1&#8243; uncode_shortcode_id=&#8221;134863&#8243; el_class=&#8221;max-width-70&#8243;][vc_custom_heading text_color=&#8221;color-456047&#8243; text_font=&#8221;font-555555&#8243; text_size=&#8221;fontsize-630816&#8243; uncode_shortcode_id=&#8221;163819&#8243; text_color_type=&#8221;uncode-palette&#8221; el_class=&#8221;show-inline&#8221;]Gastro\u00b7no\u00b7mie[\/vc_custom_heading][vc_column_text text_lead=&#8221;yes&#8221; uncode_shortcode_id=&#8221;396104&#8243; el_class=&#8221;show-inline&#8221;]die Kunst, gut zu essen und zu trinken.[\/vc_column_text][vc_empty_space empty_h=&#8221;0&#8243;][vc_custom_heading text_color=&#8221;color-456047&#8243; text_font=&#8221;font-555555&#8243; text_size=&#8221;fontsize-630816&#8243; uncode_shortcode_id=&#8221;205153&#8243; text_color_type=&#8221;uncode-palette&#8221; el_class=&#8221;show-inline&#8221;]Bo\u00b7ta\u00b7nie[\/vc_custom_heading][vc_column_text text_lead=&#8221;yes&#8221; uncode_shortcode_id=&#8221;159477&#8243; el_class=&#8221;show-inline&#8221;]ein Teil der Biologie, der sich mit der Erforschung von Pflanzen besch\u00e4ftigt.[\/vc_column_text][vc_column_text uncode_shortcode_id=&#8221;203794&#8243;]Unser derzeitiges Konsumsystem ist nicht nachhaltig.<\/p>\n<p>Bei De Nieuwe Winkel kochen wir, um die Welt ein bisschen besser zu machen. Deshalbverwenden wir Pflanzen: botanische Gastronomie. Wir suchen nachAnwendungen fu\u0308r essbare Pflanzen \u2013 seien es solche, die hier seitJahrhunderten wachsen, oder Pflanzen aus fernen L\u00e4ndern (z. B.japanischer Ingwer, chinesischer Mahagoni, sibirische Honigbeere).<\/p>\n<p>Wenn die Natur ihre Arbeit getan hat, sind wir an der Reihe. Wir pfl\u00fccken. Riechen. Schmecken. Analysieren. Fermentieren. Kochen. Bis Sie etwas auf dem Teller haben, das Sie verbl\u00fcfft und \u00fcberw\u00e4ltigt.[\/vc_column_text][\/vc_column][\/vc_row][vc_row row_height_percent=&#8221;0&#8243; override_padding=&#8221;yes&#8221; h_padding=&#8221;2&#8243; top_padding=&#8221;5&#8243; bottom_padding=&#8221;3&#8243; overlay_alpha=&#8221;50&#8243; equal_height=&#8221;yes&#8221; gutter_size=&#8221;3&#8243; column_width_use_pixel=&#8221;yes&#8221; shift_y=&#8221;0&#8243; z_index=&#8221;0&#8243; content_parallax=&#8221;0&#8243; uncode_shortcode_id=&#8221;532490&#8243; column_width_pixel=&#8221;1300&#8243;][vc_column width=&#8221;1\/2&#8243;][vc_single_image media=&#8221;4773&#8243; media_width_percent=&#8221;100&#8243; media_ratio=&#8221;one-one&#8221; shape=&#8221;img-round&#8221; radius=&#8221;std&#8221; uncode_shortcode_id=&#8221;705411&#8243; el_class=&#8221;square-to-portrait&#8221;][\/vc_column][vc_column column_width_percent=&#8221;100&#8243; position_vertical=&#8221;middle&#8221; gutter_size=&#8221;3&#8243; overlay_alpha=&#8221;50&#8243; shift_x=&#8221;0&#8243; shift_y=&#8221;0&#8243; shift_y_down=&#8221;0&#8243; z_index=&#8221;0&#8243; medium_width=&#8221;0&#8243; mobile_width=&#8221;0&#8243; width=&#8221;1\/2&#8243; uncode_shortcode_id=&#8221;227311&#8243;][vc_custom_heading text_color=&#8221;color-456047&#8243; text_font=&#8221;font-555555&#8243; text_size=&#8221;fontsize-630816&#8243; uncode_shortcode_id=&#8221;156793&#8243; text_color_type=&#8221;uncode-palette&#8221; el_class=&#8221;show-inline&#8221;]Nahrung Wald[\/vc_custom_heading][vc_column_text text_lead=&#8221;yes&#8221; uncode_shortcode_id=&#8221;526314&#8243;]Wir zwingen die Natur nicht, unseren Willen zu befolgen, sondern wartenab.[\/vc_column_text][vc_column_text uncode_shortcode_id=&#8221;304955&#8243;]Es wird nicht gepflu\u0308gt, ges\u00e4t, gej\u00e4tet, gedu\u0308ngt oder gespritzt. Wirpflanzen und ernten unermu\u0308dlich: Samen, Blu\u0308ten, Triebe, Knospen,Knollen, Nu\u0308sse, \u00c4pfel, Birnen, Pflaumen \u2026 Ein Paradies fu\u0308r faule Bauern.<\/p>\n<p>Diese W\u00e4lder folgen dem Prinzip der Permakultur: ein System mitmehrj\u00e4hrigen Pflanzen statt einj\u00e4hrigen. Jedes Jahr wird das Systemreicher, die Ernte u\u0308ppiger.[\/vc_column_text][\/vc_column][\/vc_row][vc_row row_height_percent=&#8221;0&#8243; override_padding=&#8221;yes&#8221; h_padding=&#8221;2&#8243; top_padding=&#8221;2&#8243; bottom_padding=&#8221;4&#8243; overlay_alpha=&#8221;50&#8243; gutter_size=&#8221;3&#8243; column_width_use_pixel=&#8221;yes&#8221; shift_y=&#8221;0&#8243; z_index=&#8221;0&#8243; uncode_shortcode_id=&#8221;183059&#8243; column_width_pixel=&#8221;1300&#8243;][vc_column width=&#8221;1\/1&#8243;][vc_row_inner][vc_column_inner width=&#8221;1\/1&#8243;][vc_custom_heading text_color=&#8221;color-456047&#8243; text_font=&#8221;font-555555&#8243; text_size=&#8221;fontsize-123389&#8243; uncode_shortcode_id=&#8221;113549&#8243; text_color_type=&#8221;uncode-palette&#8221; el_class=&#8221;cta-title-seizoenen&#8221;]Zusammenarbeit[\/vc_custom_heading][\/vc_column_inner][\/vc_row_inner][uncode_index el_id=&#8221;index-90462&#8243; index_type=&#8221;carousel&#8221; loop=&#8221;size:All|order_by:date|post_type:voedselbossen|taxonomy_count:10&#8243; carousel_lg=&#8221;2&#8243; carousel_md=&#8221;2&#8243; carousel_sm=&#8221;1&#8243; gutter_size=&#8221;2&#8243; voedselbossen_items=&#8221;media|featured|onpost|original,title|-,text|excerpt,link|default|default_size|scale_mobile|default_width|default_outline|Weiterlesen&#8221; carousel_interval=&#8221;0&#8243; carousel_navspeed=&#8221;400&#8243; carousel_overflow=&#8221;yes&#8221; carousel_half_opacity=&#8221;yes&#8221; stage_padding=&#8221;0&#8243; single_text=&#8221;overlay&#8221; single_shape=&#8221;round&#8221; radius=&#8221;std&#8221; single_overlay_opacity=&#8221;50&#8243; single_overlay_visible=&#8221;yes&#8221; single_overlay_anim=&#8221;no&#8221; single_text_visible=&#8221;yes&#8221; single_text_anim=&#8221;no&#8221; single_h_align_mobile=&#8221;left&#8221; single_v_position=&#8221;bottom&#8221; single_padding=&#8221;2&#8243; single_title_semantic=&#8221;h2&#8243; single_border=&#8221;yes&#8221; no_double_tap=&#8221;yes&#8221; seizoen_items=&#8221;media|featured|onpost|original,title,text|excerpt,link|default|default_size|Lees meer&#8221; uncode_shortcode_id=&#8221;201028&#8243; el_class=&#8221;postcarousel voedselbossen&#8221;][\/vc_column][\/vc_row]<\/p>\n<\/div>","protected":false},"excerpt":{"rendered":"<p>[vc_row row_height_percent=&#8221;0&#8243; override_padding=&#8221;yes&#8221; h_padding=&#8221;2&#8243; top_padding=&#8221;5&#8243; bottom_padding=&#8221;2&#8243; overlay_alpha=&#8221;50&#8243; gutter_size=&#8221;3&#8243; column_width_use_pixel=&#8221;yes&#8221; shift_y=&#8221;0&#8243; z_index=&#8221;0&#8243; uncode_shortcode_id=&#8221;117263&#8243; el_class=&#8221;header-menukaart&#8221; column_width_pixel=&#8221;1300&#8243;][vc_column column_width_percent=&#8221;100&#8243; align_horizontal=&#8221;align_center&#8221; gutter_size=&#8221;3&#8243; style=&#8221;dark&#8221; overlay_alpha=&#8221;50&#8243; shift_x=&#8221;0&#8243; [&hellip;]<\/p>\n","protected":false},"author":1,"featured_media":0,"parent":0,"menu_order":0,"comment_status":"closed","ping_status":"closed","template":"","meta":{"footnotes":""},"class_list":["post-4774","page","type-page","status-publish","hentry"],"yoast_head":"<!-- This site is optimized with the Yoast SEO plugin v27.2 - https:\/\/yoast.com\/product\/yoast-seo-wordpress\/ -->\n<title>Botanische Gastronomie - De Nieuwe Winkel<\/title>\n<meta name=\"description\" content=\"Bei De Nieuwe Winkel kochen wir, um die Welt besser zu machen. Deshalb verwenden wir Pflanzen: botanische Gastronomie.\" \/>\n<meta name=\"robots\" content=\"index, follow, max-snippet:-1, max-image-preview:large, max-video-preview:-1\" \/>\n<link rel=\"canonical\" href=\"https:\/\/denieuwewinkel.com\/de\/botanische-gastronomie\/\" \/>\n<meta property=\"og:locale\" content=\"de_DE\" \/>\n<meta property=\"og:type\" content=\"article\" \/>\n<meta property=\"og:title\" content=\"Botanische Gastronomie - De Nieuwe Winkel\" \/>\n<meta property=\"og:description\" content=\"Bei De Nieuwe Winkel kochen wir, um die Welt besser zu machen. Deshalb verwenden wir Pflanzen: botanische Gastronomie.\" \/>\n<meta property=\"og:url\" content=\"https:\/\/denieuwewinkel.com\/de\/botanische-gastronomie\/\" \/>\n<meta property=\"og:site_name\" content=\"De Nieuwe Winkel\" \/>\n<meta property=\"article:publisher\" content=\"https:\/\/www.facebook.com\/RestaurantDeNieuweWinkel\" \/>\n<meta property=\"article:modified_time\" content=\"2026-01-14T10:25:02+00:00\" \/>\n<meta property=\"og:image\" content=\"https:\/\/denieuwewinkel.com\/wp-content\/uploads\/2022\/12\/De-Nieuwe-Winkel-Het-Restaurant.jpg\" \/>\n\t<meta property=\"og:image:width\" content=\"1900\" \/>\n\t<meta property=\"og:image:height\" content=\"1267\" \/>\n\t<meta property=\"og:image:type\" content=\"image\/jpeg\" \/>\n<meta name=\"twitter:card\" content=\"summary_large_image\" \/>\n<meta name=\"twitter:label1\" content=\"Gesch\u00e4tzte Lesezeit\" \/>\n\t<meta name=\"twitter:data1\" content=\"2\u00a0Minuten\" \/>\n<script type=\"application\/ld+json\" class=\"yoast-schema-graph\">{\"@context\":\"https:\/\/schema.org\",\"@graph\":[{\"@type\":\"WebPage\",\"@id\":\"https:\/\/denieuwewinkel.com\/de\/botanische-gastronomie\/\",\"url\":\"https:\/\/denieuwewinkel.com\/de\/botanische-gastronomie\/\",\"name\":\"Botanische Gastronomie - De Nieuwe Winkel\",\"isPartOf\":{\"@id\":\"https:\/\/denieuwewinkel.com\/de\/#website\"},\"datePublished\":\"2022-11-30T13:08:42+00:00\",\"dateModified\":\"2026-01-14T10:25:02+00:00\",\"description\":\"Bei De Nieuwe Winkel kochen wir, um die Welt besser zu machen. Deshalb verwenden wir Pflanzen: botanische Gastronomie.\",\"breadcrumb\":{\"@id\":\"https:\/\/denieuwewinkel.com\/de\/botanische-gastronomie\/#breadcrumb\"},\"inLanguage\":\"de\",\"potentialAction\":[{\"@type\":\"ReadAction\",\"target\":[\"https:\/\/denieuwewinkel.com\/de\/botanische-gastronomie\/\"]}]},{\"@type\":\"BreadcrumbList\",\"@id\":\"https:\/\/denieuwewinkel.com\/de\/botanische-gastronomie\/#breadcrumb\",\"itemListElement\":[{\"@type\":\"ListItem\",\"position\":1,\"name\":\"Home\",\"item\":\"https:\/\/denieuwewinkel.com\/de\/\"},{\"@type\":\"ListItem\",\"position\":2,\"name\":\"Botanische Gastronomie\"}]},{\"@type\":\"WebSite\",\"@id\":\"https:\/\/denieuwewinkel.com\/de\/#website\",\"url\":\"https:\/\/denieuwewinkel.com\/de\/\",\"name\":\"De Nieuwe Winkel\",\"description\":\"We mogen de natuur best wat meer vertrouwen.\",\"publisher\":{\"@id\":\"https:\/\/denieuwewinkel.com\/de\/#organization\"},\"alternateName\":\"DNW\",\"potentialAction\":[{\"@type\":\"SearchAction\",\"target\":{\"@type\":\"EntryPoint\",\"urlTemplate\":\"https:\/\/denieuwewinkel.com\/de\/?s={search_term_string}\"},\"query-input\":{\"@type\":\"PropertyValueSpecification\",\"valueRequired\":true,\"valueName\":\"search_term_string\"}}],\"inLanguage\":\"de\"},{\"@type\":\"Organization\",\"@id\":\"https:\/\/denieuwewinkel.com\/de\/#organization\",\"name\":\"Restaurant De Nieuwe Winkel\",\"url\":\"https:\/\/denieuwewinkel.com\/de\/\",\"logo\":{\"@type\":\"ImageObject\",\"inLanguage\":\"de\",\"@id\":\"https:\/\/denieuwewinkel.com\/de\/#\/schema\/logo\/image\/\",\"url\":\"https:\/\/denieuwewinkel.com\/wp-content\/uploads\/2023\/01\/DNW-LOGO-PLACEHOLDER-2.jpg\",\"contentUrl\":\"https:\/\/denieuwewinkel.com\/wp-content\/uploads\/2023\/01\/DNW-LOGO-PLACEHOLDER-2.jpg\",\"width\":2534,\"height\":2534,\"caption\":\"Restaurant De Nieuwe Winkel\"},\"image\":{\"@id\":\"https:\/\/denieuwewinkel.com\/de\/#\/schema\/logo\/image\/\"},\"sameAs\":[\"https:\/\/www.facebook.com\/RestaurantDeNieuweWinkel\",\"https:\/\/www.instagram.com\/restaurantdenieuwewinkel\/\"]}]}<\/script>\n<!-- \/ Yoast SEO plugin. -->","yoast_head_json":{"title":"Botanische Gastronomie - De Nieuwe Winkel","description":"Bei De Nieuwe Winkel kochen wir, um die Welt besser zu machen. Deshalb verwenden wir Pflanzen: botanische Gastronomie.","robots":{"index":"index","follow":"follow","max-snippet":"max-snippet:-1","max-image-preview":"max-image-preview:large","max-video-preview":"max-video-preview:-1"},"canonical":"https:\/\/denieuwewinkel.com\/de\/botanische-gastronomie\/","og_locale":"de_DE","og_type":"article","og_title":"Botanische Gastronomie - De Nieuwe Winkel","og_description":"Bei De Nieuwe Winkel kochen wir, um die Welt besser zu machen. Deshalb verwenden wir Pflanzen: botanische Gastronomie.","og_url":"https:\/\/denieuwewinkel.com\/de\/botanische-gastronomie\/","og_site_name":"De Nieuwe Winkel","article_publisher":"https:\/\/www.facebook.com\/RestaurantDeNieuweWinkel","article_modified_time":"2026-01-14T10:25:02+00:00","og_image":[{"width":1900,"height":1267,"url":"https:\/\/denieuwewinkel.com\/wp-content\/uploads\/2022\/12\/De-Nieuwe-Winkel-Het-Restaurant.jpg","type":"image\/jpeg"}],"twitter_card":"summary_large_image","twitter_misc":{"Gesch\u00e4tzte Lesezeit":"2\u00a0Minuten"},"schema":{"@context":"https:\/\/schema.org","@graph":[{"@type":"WebPage","@id":"https:\/\/denieuwewinkel.com\/de\/botanische-gastronomie\/","url":"https:\/\/denieuwewinkel.com\/de\/botanische-gastronomie\/","name":"Botanische Gastronomie - De Nieuwe Winkel","isPartOf":{"@id":"https:\/\/denieuwewinkel.com\/de\/#website"},"datePublished":"2022-11-30T13:08:42+00:00","dateModified":"2026-01-14T10:25:02+00:00","description":"Bei De Nieuwe Winkel kochen wir, um die Welt besser zu machen. Deshalb verwenden wir Pflanzen: botanische Gastronomie.","breadcrumb":{"@id":"https:\/\/denieuwewinkel.com\/de\/botanische-gastronomie\/#breadcrumb"},"inLanguage":"de","potentialAction":[{"@type":"ReadAction","target":["https:\/\/denieuwewinkel.com\/de\/botanische-gastronomie\/"]}]},{"@type":"BreadcrumbList","@id":"https:\/\/denieuwewinkel.com\/de\/botanische-gastronomie\/#breadcrumb","itemListElement":[{"@type":"ListItem","position":1,"name":"Home","item":"https:\/\/denieuwewinkel.com\/de\/"},{"@type":"ListItem","position":2,"name":"Botanische Gastronomie"}]},{"@type":"WebSite","@id":"https:\/\/denieuwewinkel.com\/de\/#website","url":"https:\/\/denieuwewinkel.com\/de\/","name":"De Nieuwe Winkel","description":"We mogen de natuur best wat meer vertrouwen.","publisher":{"@id":"https:\/\/denieuwewinkel.com\/de\/#organization"},"alternateName":"DNW","potentialAction":[{"@type":"SearchAction","target":{"@type":"EntryPoint","urlTemplate":"https:\/\/denieuwewinkel.com\/de\/?s={search_term_string}"},"query-input":{"@type":"PropertyValueSpecification","valueRequired":true,"valueName":"search_term_string"}}],"inLanguage":"de"},{"@type":"Organization","@id":"https:\/\/denieuwewinkel.com\/de\/#organization","name":"Restaurant De Nieuwe Winkel","url":"https:\/\/denieuwewinkel.com\/de\/","logo":{"@type":"ImageObject","inLanguage":"de","@id":"https:\/\/denieuwewinkel.com\/de\/#\/schema\/logo\/image\/","url":"https:\/\/denieuwewinkel.com\/wp-content\/uploads\/2023\/01\/DNW-LOGO-PLACEHOLDER-2.jpg","contentUrl":"https:\/\/denieuwewinkel.com\/wp-content\/uploads\/2023\/01\/DNW-LOGO-PLACEHOLDER-2.jpg","width":2534,"height":2534,"caption":"Restaurant De Nieuwe Winkel"},"image":{"@id":"https:\/\/denieuwewinkel.com\/de\/#\/schema\/logo\/image\/"},"sameAs":["https:\/\/www.facebook.com\/RestaurantDeNieuweWinkel","https:\/\/www.instagram.com\/restaurantdenieuwewinkel\/"]}]}},"_links":{"self":[{"href":"https:\/\/denieuwewinkel.com\/de\/wp-json\/wp\/v2\/pages\/4774","targetHints":{"allow":["GET"]}}],"collection":[{"href":"https:\/\/denieuwewinkel.com\/de\/wp-json\/wp\/v2\/pages"}],"about":[{"href":"https:\/\/denieuwewinkel.com\/de\/wp-json\/wp\/v2\/types\/page"}],"author":[{"embeddable":true,"href":"https:\/\/denieuwewinkel.com\/de\/wp-json\/wp\/v2\/users\/1"}],"replies":[{"embeddable":true,"href":"https:\/\/denieuwewinkel.com\/de\/wp-json\/wp\/v2\/comments?post=4774"}],"version-history":[{"count":12,"href":"https:\/\/denieuwewinkel.com\/de\/wp-json\/wp\/v2\/pages\/4774\/revisions"}],"predecessor-version":[{"id":4944,"href":"https:\/\/denieuwewinkel.com\/de\/wp-json\/wp\/v2\/pages\/4774\/revisions\/4944"}],"wp:attachment":[{"href":"https:\/\/denieuwewinkel.com\/de\/wp-json\/wp\/v2\/media?parent=4774"}],"curies":[{"name":"wp","href":"https:\/\/api.w.org\/{rel}","templated":true}]}}