{"id":4794,"date":"2022-12-01T11:46:44","date_gmt":"2022-12-01T10:46:44","guid":{"rendered":"https:\/\/denieuwewinkel.com\/private-dining\/"},"modified":"2025-12-22T16:35:06","modified_gmt":"2025-12-22T15:35:06","slug":"private-dining","status":"publish","type":"page","link":"https:\/\/denieuwewinkel.com\/de\/private-dining\/","title":{"rendered":"Private Dining"},"content":{"rendered":"<div class=\"wpb-content-wrapper\"><p>[vc_row row_height_percent=&#8221;0&#8243; override_padding=&#8221;yes&#8221; h_padding=&#8221;2&#8243; top_padding=&#8221;5&#8243; bottom_padding=&#8221;2&#8243; overlay_alpha=&#8221;50&#8243; gutter_size=&#8221;3&#8243; column_width_use_pixel=&#8221;yes&#8221; shift_y=&#8221;0&#8243; z_index=&#8221;0&#8243; uncode_shortcode_id=&#8221;206474&#8243; el_class=&#8221;custom-header&#8221; column_width_pixel=&#8221;1300&#8243;][vc_column column_width_percent=&#8221;100&#8243; align_horizontal=&#8221;align_center&#8221; gutter_size=&#8221;3&#8243; style=&#8221;dark&#8221; overlay_alpha=&#8221;50&#8243; shift_x=&#8221;0&#8243; shift_y=&#8221;0&#8243; shift_y_down=&#8221;0&#8243; z_index=&#8221;0&#8243; medium_width=&#8221;0&#8243; mobile_width=&#8221;0&#8243; width=&#8221;1\/1&#8243; uncode_shortcode_id=&#8221;183339&#8243;][vc_custom_heading auto_text=&#8221;yes&#8221; text_color=&#8221;color-456047&#8243; heading_semantic=&#8221;h1&#8243; text_font=&#8221;font-157605&#8243; text_size=&#8221;fontsize-787977&#8243; text_transform=&#8221;uppercase&#8221; uncode_shortcode_id=&#8221;154794&#8243; text_color_type=&#8221;uncode-palette&#8221;][\/vc_custom_heading][vc_column_text text_lead=&#8221;yes&#8221; uncode_shortcode_id=&#8221;873930&#8243; el_class=&#8221;margin-top-10&#8243;]Zeit und Aufmerksamkeit[\/vc_column_text][vc_empty_space empty_h=&#8221;2&#8243;][vc_single_image media=&#8221;4792&#8243; media_width_percent=&#8221;100&#8243; media_ratio=&#8221;three-two&#8221; shape=&#8221;img-round&#8221; radius=&#8221;std&#8221; uncode_shortcode_id=&#8221;181171&#8243; el_class=&#8221;image-container&#8221;][\/vc_column][\/vc_row][vc_row row_height_percent=&#8221;0&#8243; override_padding=&#8221;yes&#8221; h_padding=&#8221;2&#8243; top_padding=&#8221;5&#8243; bottom_padding=&#8221;5&#8243; overlay_alpha=&#8221;50&#8243; equal_height=&#8221;yes&#8221; gutter_size=&#8221;3&#8243; column_width_use_pixel=&#8221;yes&#8221; shift_y=&#8221;0&#8243; z_index=&#8221;0&#8243; uncode_shortcode_id=&#8221;663698&#8243; column_width_pixel=&#8221;1300&#8243;][vc_column width=&#8221;1\/2&#8243;][vc_single_image media=&#8221;4793&#8243; media_width_percent=&#8221;100&#8243; media_ratio=&#8221;two-three&#8221; shape=&#8221;img-round&#8221; radius=&#8221;std&#8221; uncode_shortcode_id=&#8221;143555&#8243; el_class=&#8221;square-to-portrait&#8221;][\/vc_column][vc_column column_width_percent=&#8221;100&#8243; position_vertical=&#8221;middle&#8221; gutter_size=&#8221;3&#8243; overlay_alpha=&#8221;50&#8243; shift_x=&#8221;0&#8243; shift_y=&#8221;0&#8243; shift_y_down=&#8221;0&#8243; z_index=&#8221;0&#8243; medium_width=&#8221;0&#8243; mobile_width=&#8221;0&#8243; width=&#8221;1\/2&#8243; uncode_shortcode_id=&#8221;227311&#8243;][vc_custom_heading text_color=&#8221;color-456047&#8243; text_font=&#8221;font-555555&#8243; text_size=&#8221;fontsize-630816&#8243; uncode_shortcode_id=&#8221;196507&#8243; text_color_type=&#8221;uncode-palette&#8221; el_class=&#8221;show-inline&#8221;]Private Dining[\/vc_custom_heading][vc_column_text text_lead=&#8221;yes&#8221; uncode_shortcode_id=&#8221;131097&#8243;]Genie\u00dfen Sie mit einer gr\u00f6\u00dferen Gruppe einen Abend am langen Eichenholztisch. unter historischen Gew\u00f6lben.[\/vc_column_text][vc_column_text uncode_shortcode_id=&#8221;815728&#8243;]Die Private-Dining-Gesellschaft bietet Platz fu\u0308r bis zu 10 Personen. Weniger ist auch m\u00f6glich. Barrierefreiheit: Leider ist der Private-Dining-Raum aufgrund des erh\u00f6hten Tisches nicht rollstuhlgerecht.<\/p>\n<p>Sie k\u00f6nnen ganz einfach die Verf\u00fcgbarkeit sehen und eine Reservierung vornehmen, wenn Sie dem unten stehenden Link folgen.[\/vc_column_text][\/vc_column][\/vc_row]<\/p>\n<\/div>","protected":false},"excerpt":{"rendered":"<p>[vc_row row_height_percent=&#8221;0&#8243; override_padding=&#8221;yes&#8221; h_padding=&#8221;2&#8243; top_padding=&#8221;5&#8243; bottom_padding=&#8221;2&#8243; overlay_alpha=&#8221;50&#8243; gutter_size=&#8221;3&#8243; column_width_use_pixel=&#8221;yes&#8221; shift_y=&#8221;0&#8243; z_index=&#8221;0&#8243; uncode_shortcode_id=&#8221;206474&#8243; el_class=&#8221;custom-header&#8221; column_width_pixel=&#8221;1300&#8243;][vc_column column_width_percent=&#8221;100&#8243; align_horizontal=&#8221;align_center&#8221; gutter_size=&#8221;3&#8243; style=&#8221;dark&#8221; overlay_alpha=&#8221;50&#8243; shift_x=&#8221;0&#8243; [&hellip;]<\/p>\n","protected":false},"author":1,"featured_media":378,"parent":0,"menu_order":0,"comment_status":"closed","ping_status":"closed","template":"","meta":{"footnotes":""},"class_list":["post-4794","page","type-page","status-publish","has-post-thumbnail","hentry"],"yoast_head":"<!-- This site is optimized with the Yoast SEO plugin v27.2 - https:\/\/yoast.com\/product\/yoast-seo-wordpress\/ -->\n<title>Private Dining - De Nieuwe Winkel<\/title>\n<meta name=\"description\" content=\"Restaurant De Nieuwe Winkel. Bewegen Sie sich mit der Jahreszeit und der Natur. Unser Private Dining bietet Platz f\u00fcr 10 Personen. Weniger ist nat\u00fcrlich auch m\u00f6glich.\" \/>\n<meta name=\"robots\" content=\"index, follow, max-snippet:-1, max-image-preview:large, max-video-preview:-1\" \/>\n<link rel=\"canonical\" href=\"https:\/\/denieuwewinkel.com\/de\/private-dining\/\" \/>\n<meta property=\"og:locale\" content=\"de_DE\" \/>\n<meta property=\"og:type\" content=\"article\" \/>\n<meta property=\"og:title\" content=\"Private Dining - De Nieuwe Winkel\" \/>\n<meta property=\"og:description\" content=\"Restaurant De Nieuwe Winkel. Bewegen Sie sich mit der Jahreszeit und der Natur. Unser Private Dining bietet Platz f\u00fcr 10 Personen. Weniger ist nat\u00fcrlich auch m\u00f6glich.\" \/>\n<meta property=\"og:url\" content=\"https:\/\/denieuwewinkel.com\/de\/private-dining\/\" \/>\n<meta property=\"og:site_name\" content=\"De Nieuwe Winkel\" \/>\n<meta property=\"article:publisher\" content=\"https:\/\/www.facebook.com\/RestaurantDeNieuweWinkel\" \/>\n<meta property=\"article:modified_time\" content=\"2025-12-22T15:35:06+00:00\" \/>\n<meta property=\"og:image\" content=\"https:\/\/denieuwewinkel.com\/wp-content\/uploads\/2022\/12\/De-Nieuwe-Winkel-Privat-Dining.jpg\" \/>\n\t<meta property=\"og:image:width\" content=\"1352\" \/>\n\t<meta property=\"og:image:height\" content=\"900\" \/>\n\t<meta property=\"og:image:type\" content=\"image\/jpeg\" \/>\n<meta name=\"twitter:card\" content=\"summary_large_image\" \/>\n<meta name=\"twitter:label1\" content=\"Gesch\u00e4tzte Lesezeit\" \/>\n\t<meta name=\"twitter:data1\" content=\"2\u00a0Minuten\" \/>\n<script type=\"application\/ld+json\" class=\"yoast-schema-graph\">{\"@context\":\"https:\/\/schema.org\",\"@graph\":[{\"@type\":\"WebPage\",\"@id\":\"https:\/\/denieuwewinkel.com\/de\/private-dining\/\",\"url\":\"https:\/\/denieuwewinkel.com\/de\/private-dining\/\",\"name\":\"Private Dining - De Nieuwe Winkel\",\"isPartOf\":{\"@id\":\"https:\/\/denieuwewinkel.com\/de\/#website\"},\"primaryImageOfPage\":{\"@id\":\"https:\/\/denieuwewinkel.com\/de\/private-dining\/#primaryimage\"},\"image\":{\"@id\":\"https:\/\/denieuwewinkel.com\/de\/private-dining\/#primaryimage\"},\"thumbnailUrl\":\"https:\/\/denieuwewinkel.com\/wp-content\/uploads\/2022\/12\/De-Nieuwe-Winkel-Privat-Dining.jpg\",\"datePublished\":\"2022-12-01T10:46:44+00:00\",\"dateModified\":\"2025-12-22T15:35:06+00:00\",\"description\":\"Restaurant De Nieuwe Winkel. Bewegen Sie sich mit der Jahreszeit und der Natur. Unser Private Dining bietet Platz f\u00fcr 10 Personen. Weniger ist nat\u00fcrlich auch m\u00f6glich.\",\"breadcrumb\":{\"@id\":\"https:\/\/denieuwewinkel.com\/de\/private-dining\/#breadcrumb\"},\"inLanguage\":\"de\",\"potentialAction\":[{\"@type\":\"ReadAction\",\"target\":[\"https:\/\/denieuwewinkel.com\/de\/private-dining\/\"]}]},{\"@type\":\"ImageObject\",\"inLanguage\":\"de\",\"@id\":\"https:\/\/denieuwewinkel.com\/de\/private-dining\/#primaryimage\",\"url\":\"https:\/\/denieuwewinkel.com\/wp-content\/uploads\/2022\/12\/De-Nieuwe-Winkel-Privat-Dining.jpg\",\"contentUrl\":\"https:\/\/denieuwewinkel.com\/wp-content\/uploads\/2022\/12\/De-Nieuwe-Winkel-Privat-Dining.jpg\",\"width\":1352,\"height\":900},{\"@type\":\"BreadcrumbList\",\"@id\":\"https:\/\/denieuwewinkel.com\/de\/private-dining\/#breadcrumb\",\"itemListElement\":[{\"@type\":\"ListItem\",\"position\":1,\"name\":\"Home\",\"item\":\"https:\/\/denieuwewinkel.com\/de\/\"},{\"@type\":\"ListItem\",\"position\":2,\"name\":\"Private Dining\"}]},{\"@type\":\"WebSite\",\"@id\":\"https:\/\/denieuwewinkel.com\/de\/#website\",\"url\":\"https:\/\/denieuwewinkel.com\/de\/\",\"name\":\"De Nieuwe Winkel\",\"description\":\"We mogen de natuur best wat meer vertrouwen.\",\"publisher\":{\"@id\":\"https:\/\/denieuwewinkel.com\/de\/#organization\"},\"alternateName\":\"DNW\",\"potentialAction\":[{\"@type\":\"SearchAction\",\"target\":{\"@type\":\"EntryPoint\",\"urlTemplate\":\"https:\/\/denieuwewinkel.com\/de\/?s={search_term_string}\"},\"query-input\":{\"@type\":\"PropertyValueSpecification\",\"valueRequired\":true,\"valueName\":\"search_term_string\"}}],\"inLanguage\":\"de\"},{\"@type\":\"Organization\",\"@id\":\"https:\/\/denieuwewinkel.com\/de\/#organization\",\"name\":\"Restaurant De Nieuwe Winkel\",\"url\":\"https:\/\/denieuwewinkel.com\/de\/\",\"logo\":{\"@type\":\"ImageObject\",\"inLanguage\":\"de\",\"@id\":\"https:\/\/denieuwewinkel.com\/de\/#\/schema\/logo\/image\/\",\"url\":\"https:\/\/denieuwewinkel.com\/wp-content\/uploads\/2023\/01\/DNW-LOGO-PLACEHOLDER-2.jpg\",\"contentUrl\":\"https:\/\/denieuwewinkel.com\/wp-content\/uploads\/2023\/01\/DNW-LOGO-PLACEHOLDER-2.jpg\",\"width\":2534,\"height\":2534,\"caption\":\"Restaurant De Nieuwe Winkel\"},\"image\":{\"@id\":\"https:\/\/denieuwewinkel.com\/de\/#\/schema\/logo\/image\/\"},\"sameAs\":[\"https:\/\/www.facebook.com\/RestaurantDeNieuweWinkel\",\"https:\/\/www.instagram.com\/restaurantdenieuwewinkel\/\"]}]}<\/script>\n<!-- \/ Yoast SEO plugin. -->","yoast_head_json":{"title":"Private Dining - De Nieuwe Winkel","description":"Restaurant De Nieuwe Winkel. Bewegen Sie sich mit der Jahreszeit und der Natur. Unser Private Dining bietet Platz f\u00fcr 10 Personen. Weniger ist nat\u00fcrlich auch m\u00f6glich.","robots":{"index":"index","follow":"follow","max-snippet":"max-snippet:-1","max-image-preview":"max-image-preview:large","max-video-preview":"max-video-preview:-1"},"canonical":"https:\/\/denieuwewinkel.com\/de\/private-dining\/","og_locale":"de_DE","og_type":"article","og_title":"Private Dining - De Nieuwe Winkel","og_description":"Restaurant De Nieuwe Winkel. Bewegen Sie sich mit der Jahreszeit und der Natur. Unser Private Dining bietet Platz f\u00fcr 10 Personen. Weniger ist nat\u00fcrlich auch m\u00f6glich.","og_url":"https:\/\/denieuwewinkel.com\/de\/private-dining\/","og_site_name":"De Nieuwe Winkel","article_publisher":"https:\/\/www.facebook.com\/RestaurantDeNieuweWinkel","article_modified_time":"2025-12-22T15:35:06+00:00","og_image":[{"width":1352,"height":900,"url":"https:\/\/denieuwewinkel.com\/wp-content\/uploads\/2022\/12\/De-Nieuwe-Winkel-Privat-Dining.jpg","type":"image\/jpeg"}],"twitter_card":"summary_large_image","twitter_misc":{"Gesch\u00e4tzte Lesezeit":"2\u00a0Minuten"},"schema":{"@context":"https:\/\/schema.org","@graph":[{"@type":"WebPage","@id":"https:\/\/denieuwewinkel.com\/de\/private-dining\/","url":"https:\/\/denieuwewinkel.com\/de\/private-dining\/","name":"Private Dining - De Nieuwe Winkel","isPartOf":{"@id":"https:\/\/denieuwewinkel.com\/de\/#website"},"primaryImageOfPage":{"@id":"https:\/\/denieuwewinkel.com\/de\/private-dining\/#primaryimage"},"image":{"@id":"https:\/\/denieuwewinkel.com\/de\/private-dining\/#primaryimage"},"thumbnailUrl":"https:\/\/denieuwewinkel.com\/wp-content\/uploads\/2022\/12\/De-Nieuwe-Winkel-Privat-Dining.jpg","datePublished":"2022-12-01T10:46:44+00:00","dateModified":"2025-12-22T15:35:06+00:00","description":"Restaurant De Nieuwe Winkel. Bewegen Sie sich mit der Jahreszeit und der Natur. Unser Private Dining bietet Platz f\u00fcr 10 Personen. Weniger ist nat\u00fcrlich auch m\u00f6glich.","breadcrumb":{"@id":"https:\/\/denieuwewinkel.com\/de\/private-dining\/#breadcrumb"},"inLanguage":"de","potentialAction":[{"@type":"ReadAction","target":["https:\/\/denieuwewinkel.com\/de\/private-dining\/"]}]},{"@type":"ImageObject","inLanguage":"de","@id":"https:\/\/denieuwewinkel.com\/de\/private-dining\/#primaryimage","url":"https:\/\/denieuwewinkel.com\/wp-content\/uploads\/2022\/12\/De-Nieuwe-Winkel-Privat-Dining.jpg","contentUrl":"https:\/\/denieuwewinkel.com\/wp-content\/uploads\/2022\/12\/De-Nieuwe-Winkel-Privat-Dining.jpg","width":1352,"height":900},{"@type":"BreadcrumbList","@id":"https:\/\/denieuwewinkel.com\/de\/private-dining\/#breadcrumb","itemListElement":[{"@type":"ListItem","position":1,"name":"Home","item":"https:\/\/denieuwewinkel.com\/de\/"},{"@type":"ListItem","position":2,"name":"Private Dining"}]},{"@type":"WebSite","@id":"https:\/\/denieuwewinkel.com\/de\/#website","url":"https:\/\/denieuwewinkel.com\/de\/","name":"De Nieuwe Winkel","description":"We mogen de natuur best wat meer vertrouwen.","publisher":{"@id":"https:\/\/denieuwewinkel.com\/de\/#organization"},"alternateName":"DNW","potentialAction":[{"@type":"SearchAction","target":{"@type":"EntryPoint","urlTemplate":"https:\/\/denieuwewinkel.com\/de\/?s={search_term_string}"},"query-input":{"@type":"PropertyValueSpecification","valueRequired":true,"valueName":"search_term_string"}}],"inLanguage":"de"},{"@type":"Organization","@id":"https:\/\/denieuwewinkel.com\/de\/#organization","name":"Restaurant De Nieuwe Winkel","url":"https:\/\/denieuwewinkel.com\/de\/","logo":{"@type":"ImageObject","inLanguage":"de","@id":"https:\/\/denieuwewinkel.com\/de\/#\/schema\/logo\/image\/","url":"https:\/\/denieuwewinkel.com\/wp-content\/uploads\/2023\/01\/DNW-LOGO-PLACEHOLDER-2.jpg","contentUrl":"https:\/\/denieuwewinkel.com\/wp-content\/uploads\/2023\/01\/DNW-LOGO-PLACEHOLDER-2.jpg","width":2534,"height":2534,"caption":"Restaurant De Nieuwe Winkel"},"image":{"@id":"https:\/\/denieuwewinkel.com\/de\/#\/schema\/logo\/image\/"},"sameAs":["https:\/\/www.facebook.com\/RestaurantDeNieuweWinkel","https:\/\/www.instagram.com\/restaurantdenieuwewinkel\/"]}]}},"_links":{"self":[{"href":"https:\/\/denieuwewinkel.com\/de\/wp-json\/wp\/v2\/pages\/4794","targetHints":{"allow":["GET"]}}],"collection":[{"href":"https:\/\/denieuwewinkel.com\/de\/wp-json\/wp\/v2\/pages"}],"about":[{"href":"https:\/\/denieuwewinkel.com\/de\/wp-json\/wp\/v2\/types\/page"}],"author":[{"embeddable":true,"href":"https:\/\/denieuwewinkel.com\/de\/wp-json\/wp\/v2\/users\/1"}],"replies":[{"embeddable":true,"href":"https:\/\/denieuwewinkel.com\/de\/wp-json\/wp\/v2\/comments?post=4794"}],"version-history":[{"count":3,"href":"https:\/\/denieuwewinkel.com\/de\/wp-json\/wp\/v2\/pages\/4794\/revisions"}],"predecessor-version":[{"id":4798,"href":"https:\/\/denieuwewinkel.com\/de\/wp-json\/wp\/v2\/pages\/4794\/revisions\/4798"}],"wp:featuredmedia":[{"embeddable":true,"href":"https:\/\/denieuwewinkel.com\/de\/wp-json\/wp\/v2\/media\/378"}],"wp:attachment":[{"href":"https:\/\/denieuwewinkel.com\/de\/wp-json\/wp\/v2\/media?parent=4794"}],"curies":[{"name":"wp","href":"https:\/\/api.w.org\/{rel}","templated":true}]}}