{"id":4844,"date":"2022-12-07T15:24:20","date_gmt":"2022-12-07T14:24:20","guid":{"rendered":"https:\/\/denieuwewinkel.com\/haeufig-gestellte-fragen\/"},"modified":"2026-03-18T17:49:55","modified_gmt":"2026-03-18T16:49:55","slug":"haeufig-gestellte-fragen","status":"publish","type":"page","link":"https:\/\/denieuwewinkel.com\/de\/haeufig-gestellte-fragen\/","title":{"rendered":"H\u00e4ufig gestellte Fragen"},"content":{"rendered":"<div class=\"wpb-content-wrapper\"><p>[vc_row row_height_percent=&#8221;0&#8243; override_padding=&#8221;yes&#8221; h_padding=&#8221;2&#8243; top_padding=&#8221;2&#8243; bottom_padding=&#8221;4&#8243; back_color=&#8221;color-192171&#8243; overlay_alpha=&#8221;50&#8243; gutter_size=&#8221;3&#8243; column_width_use_pixel=&#8221;yes&#8221; shift_y=&#8221;0&#8243; z_index=&#8221;0&#8243; uncode_shortcode_id=&#8221;879294&#8243; back_color_type=&#8221;uncode-palette&#8221; column_width_pixel=&#8221;600&#8243;][vc_column column_width_percent=&#8221;100&#8243; position_vertical=&#8221;middle&#8221; gutter_size=&#8221;3&#8243; style=&#8221;dark&#8221; overlay_alpha=&#8221;50&#8243; shift_x=&#8221;0&#8243; shift_y=&#8221;0&#8243; shift_y_down=&#8221;0&#8243; z_index=&#8221;0&#8243; medium_width=&#8221;0&#8243; mobile_width=&#8221;0&#8243; width=&#8221;1\/1&#8243; uncode_shortcode_id=&#8221;191038&#8243;][vc_custom_heading text_color=&#8221;color-456047&#8243; heading_semantic=&#8221;h3&#8243; text_font=&#8221;font-555555&#8243; text_size=&#8221;fontsize-630816&#8243; text_weight=&#8221;400&#8243; uncode_shortcode_id=&#8221;150423&#8243; text_color_type=&#8221;uncode-palette&#8221;]H\u00e4ufig gestellte Fragen[\/vc_custom_heading][vc_accordion gutter_simple=&#8221;0&#8243; el_class=&#8221;veelgestelde-vragen&#8221; uncode_shortcode_id=&#8221;185111&#8243;][vc_accordion_tab gutter_size=&#8221;2&#8243; column_padding=&#8221;2&#8243; title=&#8221;Wie sind die \u00d6ffnungszeiten von De Nieuwe Winkel?&#8221; tab_id=&#8221;1663592451-1-7016704230297281680183345268&#8243;][vc_column_text uncode_shortcode_id=&#8221;156793&#8243;]De Nieuwe Winkel ist von Dienstag bis Samstag ab 18:00 Uhr ge\u00f6ffnet. Wir servieren kein Mittagessen, nur Abendessen.[\/vc_column_text][\/vc_accordion_tab][vc_accordion_tab gutter_size=&#8221;2&#8243; column_padding=&#8221;2&#8243; title=&#8221;Wie kann ich eine Reservierung f\u00fcr die n\u00e4chste Saison vornehmen?&#8221; tab_id=&#8221;1663592451-2-1016704230297281680183345268&#8243;][vc_column_text uncode_shortcode_id=&#8221;873059&#8243;]In unserem Newsletter informieren wir Sie \u00fcber die Verf\u00fcgbarkeit der jeweils kommenden Saison, damit Sie die M\u00f6glichkeit haben, vorab zu reservieren. Sie k\u00f6nnen diesen Newsletter ganz einfach \u00fcber unsere Website abonnieren.[\/vc_column_text][\/vc_accordion_tab][vc_accordion_tab gutter_size=&#8221;2&#8243; column_padding=&#8221;2&#8243; title=&#8221;Wie funktioniert die Warteliste?&#8221; tab_id=&#8221;1663592788553-2-316704230297281680183345268&#8243;][vc_column_text uncode_shortcode_id=&#8221;183532&#8243;]Sollte Ihr Wunschtermin nicht mehr verf\u00fcgbar sein, empfehlen wir Ihnen, sich auf unserer Warteliste einzutragen. Jeder, der auf unserer Warteliste steht, wird per E-Mail benachrichtigt, sobald ein Tisch frei wird. Bitte beachten Sie, dass Sie nur f\u00fcr den Tag benachrichtigt werden, f\u00fcr den Sie sich angemeldet haben. Es gibt zwar keine Garantien, aber Stornierungen kommen regelm\u00e4\u00dfig vor. Jeder hat die gleiche Chance. Wenn Sie schnell reagieren, werden Sie die Reservierung erhalten.[\/vc_column_text][\/vc_accordion_tab][vc_accordion_tab gutter_size=&#8221;2&#8243; column_padding=&#8221;2&#8243; title=&#8221;Wie oft wechselt die Menu\u0308wechsel?&#8221; tab_id=&#8221;1663592942358-4-316704230297281680183345268&#8243;][vc_column_text uncode_shortcode_id=&#8221;144206&#8243;]Wir haben dreimal im Jahr ein neues Men\u00fc. Es wechselt mit den Jahreszeiten: also im Fr\u00fchling, Sommer und Winter. <a href=\"https:\/\/denieuwewinkel.com\/de\/menuekarte\/\">Lesen Sie mehr \u00fcber die drei Jahreszeiten.<\/a>[\/vc_column_text][\/vc_accordion_tab][vc_accordion_tab gutter_size=&#8221;2&#8243; column_padding=&#8221;2&#8243; title=&#8221;Kann ich die Anzahl der Personen in meiner Reservierung \u00e4ndern?&#8221; tab_id=&#8221;1682513156525-11-9&#8243;][vc_column_text uncode_shortcode_id=&#8221;632555&#8243;]Eine \u00c4nderung der Anzahl der Personen in Ihrer Reservierung ist nur m\u00f6glich, wenn ein Tisch mit der gew\u00fcnschten Anzahl von Personen verf\u00fcgbar ist. Wenn Sie einen Tisch f\u00fcr vier Personen gebucht haben, ist es nicht automatisch m\u00f6glich, auch mit zwei Personen zu kommen. Es muss ein Tisch f\u00fcr zwei Personen verf\u00fcgbar sein.[\/vc_column_text][\/vc_accordion_tab][vc_accordion_tab gutter_size=&#8221;2&#8243; column_padding=&#8221;2&#8243; title=&#8221;Bekomme ich mein Geld zur\u00fcck, wenn ich storniere?&#8221; tab_id=&#8221;1705307024694-13-7&#8243;][vc_column_text uncode_shortcode_id=&#8221;132234&#8243;]Die Anzahlung wird automatisch zur\u00fcckerstattet, wenn Sie mehr als 3 Tages vor der Reservierung stornieren.[\/vc_column_text][\/vc_accordion_tab][vc_accordion_tab gutter_size=&#8221;2&#8243; column_padding=&#8221;2&#8243; title=&#8221;Sind Sie ein veganes Restaurant?&#8221; tab_id=&#8221;1681803417477-9-5&#8243;][vc_column_text uncode_shortcode_id=&#8221;473762&#8243;]Wir servieren keine tierischen Produkte, nur Pflanzen, daher ist unsere Speisekarte vegan.[\/vc_column_text][\/vc_accordion_tab][vc_accordion_tab gutter_size=&#8221;2&#8243; column_padding=&#8221;2&#8243; title=&#8221;Kann ich mit einer Allergie zum Essen kommen?&#8221; tab_id=&#8221;1680182993777-9-41680183345268&#8243;][vc_column_text uncode_shortcode_id=&#8221;201462&#8243;]Sie sind herzlich eingeladen, bei uns zu speisen. Bitte beachten Sie, dass wir in einer kleinen K\u00fcche arbeiten und immer das Risiko einer Kreuzkontamination besteht. Vergessen Sie nicht, uns bei der Reservierung \u00fcber Ihre Di\u00e4tw\u00fcnsche zu informieren, damit wir das Men\u00fc rechtzeitig anpassen k\u00f6nnen.[\/vc_column_text][\/vc_accordion_tab][vc_accordion_tab gutter_size=&#8221;2&#8243; column_padding=&#8221;2&#8243; title=&#8221;Kann ich mit einer Gruppe zum Essen kommen?&#8221; tab_id=&#8221;1680183065552-9-51680183345268&#8243;][vc_column_text uncode_shortcode_id=&#8221;198015&#8243;]Wir haben in unserem Restaurant Platz f\u00fcr Gruppen bis zu 6 Personen. F\u00fcr Gesellschaften von 7 oder mehr Personen haben wir unser Private Dining. Dies ist ein separater Raum, in dem Sie an einem langen Holztisch essen. Wir stimmen das Men\u00fc im Voraus ab. Das Private Dining hat eine maximale Kapazit\u00e4t von 10 Personen.[\/vc_column_text][\/vc_accordion_tab][vc_accordion_tab gutter_size=&#8221;2&#8243; column_padding=&#8221;2&#8243; title=&#8221;Haben Sie Geschenkkarten?&#8221; tab_id=&#8221;1680183133614-8-91680183345268&#8243;][vc_column_text uncode_shortcode_id=&#8221;382930&#8243;]Wir haben uns entschieden, keine Geschenkkarten auszugeben. Es erweist sich als schwierig, eine Reservierung vorzunehmen, und wir m\u00f6chten verhindern, dass jemand seine Geschenkkarte nicht einl\u00f6sen kann. Zuvor gekaufte Geschenkkarten behalten nat\u00fcrlich ihre G\u00fcltigkeit.<br \/>\n[\/vc_column_text][\/vc_accordion_tab][vc_accordion_tab gutter_size=&#8221;2&#8243; column_padding=&#8221;2&#8243; title=&#8221;Sind Hunde im Restaurant erlaubt?&#8221; tab_id=&#8221;1682667203314-12-9&#8243;][vc_column_text uncode_shortcode_id=&#8221;187104&#8243;]Hunde sind im Restaurant nicht erlaubt.[\/vc_column_text][\/vc_accordion_tab][vc_accordion_tab gutter_size=&#8221;2&#8243; column_padding=&#8221;2&#8243; title=&#8221;Sind Sie rollstuhlgerecht?&#8221; tab_id=&#8221;1697460940336-12-8&#8243;][vc_column_text uncode_shortcode_id=&#8221;167427&#8243;]Wir befinden uns in einem monumentalen Untergeschoss und sind f\u00fcr Rollstuhlfahrer nur eingeschr\u00e4nkt zug\u00e4nglich. Beim Eingang gibt es vier Stufen nach unten und drinnen gibt es einen H\u00f6henunterschied von einer Stufe zwischen der Halle und dem Restaurant. Nat\u00fcrlich helfen wir Ihnen gerne bei der \u00dcberwindung dieser Hindernisse. Im Restaurant selbst gibt es keine Behindertentoilette.<\/p>\n<p>Das Private Dining ist aufgrund des erh\u00f6hten Tisches f\u00fcr Rollstuhlfahrer leider nicht zug\u00e4nglich.[\/vc_column_text][\/vc_accordion_tab][vc_accordion_tab gutter_size=&#8221;2&#8243; column_padding=&#8221;2&#8243; title=&#8221;Wo kann ich \u00fcbernachten?&#8221; tab_id=&#8221;1681803443127-10-4&#8243;][vc_column_text uncode_shortcode_id=&#8221;149208&#8243;]Es gibt ein paar Orte, die wir Ihnen empfehlen: <a href=\"https:\/\/manna-nijmegen.nl\/\" target=\"_blank\" rel=\"noopener\">Hotel Manna<\/a>, <a href=\"https:\/\/blue-nijmegen.nl\/\" target=\"_blank\" rel=\"noopener\">Hotel Blue<\/a>, <a href=\"https:\/\/www.marriott.com\/en-us\/hotels\/nrnnt-the-rebyl-nijmegen-a-tribute-portfolio-hotel\/overview\/?scid=f2ae0541-1279-4f24-b197-a979c79310b0\" target=\"_blank\" rel=\"noopener\">The Rebyl<\/a>, <a href=\"https:\/\/www.guesthousevertoef.com\/nl\/\" target=\"_blank\" rel=\"noopener\">Guesthouse Vertoef<\/a> &amp; <a href=\"https:\/\/lino-hotel.com\/nl\" target=\"_blank\" rel=\"noopener\">Lino City Hotel<\/a>. Alle vier Hotels sind vom Restaurant aus zu Fu\u00df zu erreichen.[\/vc_column_text][\/vc_accordion_tab][vc_accordion_tab gutter_size=&#8221;2&#8243; column_padding=&#8221;2&#8243; title=&#8221;Anwendung \u00f6ffnen&#8221; tab_id=&#8221;1680183190219-8-51680183345268&#8243;][vc_column_text uncode_shortcode_id=&#8221;864811&#8243;]W\u00fcrden Sie gerne im Restaurant De Nieuwe Winkel arbeiten oder ein Praktikum machen, aber es gibt derzeit keine freie Stelle? Keine Sorge, denn wir sind immer an enthusiastischen und wissbegierigen Talenten interessiert! Schicken Sie uns eine E-Mail an info@denieuwewinkel.com und vielleicht k\u00f6nnen Sie uns bald kennenlernen.[\/vc_column_text][\/vc_accordion_tab][\/vc_accordion][vc_empty_space empty_h=&#8221;3&#8243;][vc_row_inner][vc_column_inner column_width_percent=&#8221;100&#8243; gutter_size=&#8221;3&#8243; style=&#8221;dark&#8221; overlay_alpha=&#8221;50&#8243; shift_x=&#8221;0&#8243; shift_y=&#8221;0&#8243; shift_y_down=&#8221;0&#8243; z_index=&#8221;0&#8243; medium_width=&#8221;0&#8243; mobile_width=&#8221;0&#8243; width=&#8221;1\/1&#8243; uncode_shortcode_id=&#8221;102272&#8243;][vc_custom_heading text_color=&#8221;color-456047&#8243; text_font=&#8221;font-555555&#8243; text_size=&#8221;fontsize-123389&#8243; uncode_shortcode_id=&#8221;205210&#8243; text_color_type=&#8221;uncode-palette&#8221;]Haben Sie nicht gefunden, wonach Sie suchen?[\/vc_custom_heading][vc_column_text uncode_shortcode_id=&#8221;761509&#8243; el_class=&#8221;margin-top-10&#8243;]Schicken Sie eine E-Mail an info@denieuwewinkel.com oder rufen Sie uns an.[\/vc_column_text][vc_button border_width=&#8221;0&#8243; scale_mobile=&#8221;no&#8221; uncode_shortcode_id=&#8221;108410&#8243; el_class=&#8221;btn-right&#8221; link=&#8221;url:https%3A%2F%2Fdenieuwewinkel.com%2Fde%2Fkontakt%2F|title:Kontakt|&#8221;]Kontakt[\/vc_button][\/vc_column_inner][\/vc_row_inner][\/vc_column][\/vc_row]<\/p>\n<\/div>","protected":false},"excerpt":{"rendered":"<p>[vc_row row_height_percent=&#8221;0&#8243; override_padding=&#8221;yes&#8221; h_padding=&#8221;2&#8243; top_padding=&#8221;2&#8243; bottom_padding=&#8221;4&#8243; back_color=&#8221;color-192171&#8243; overlay_alpha=&#8221;50&#8243; gutter_size=&#8221;3&#8243; column_width_use_pixel=&#8221;yes&#8221; shift_y=&#8221;0&#8243; z_index=&#8221;0&#8243; uncode_shortcode_id=&#8221;879294&#8243; back_color_type=&#8221;uncode-palette&#8221; column_width_pixel=&#8221;600&#8243;][vc_column column_width_percent=&#8221;100&#8243; position_vertical=&#8221;middle&#8221; gutter_size=&#8221;3&#8243; style=&#8221;dark&#8221; overlay_alpha=&#8221;50&#8243; [&hellip;]<\/p>\n","protected":false},"author":1,"featured_media":0,"parent":0,"menu_order":0,"comment_status":"closed","ping_status":"closed","template":"","meta":{"footnotes":""},"class_list":["post-4844","page","type-page","status-publish","hentry"],"yoast_head":"<!-- This site is optimized with the Yoast SEO plugin v27.3 - https:\/\/yoast.com\/product\/yoast-seo-wordpress\/ -->\n<title>H\u00e4ufig gestellte Fragen - De Nieuwe Winkel<\/title>\n<meta name=\"description\" content=\"Restaurant De Nieuwe Winkel. Meegaan met het seizoen en de natuur. Smaak staat voorop. We proberen je te verwonderen. Laat je verrassen.\" \/>\n<meta name=\"robots\" content=\"index, follow, max-snippet:-1, max-image-preview:large, max-video-preview:-1\" \/>\n<link rel=\"canonical\" href=\"https:\/\/denieuwewinkel.com\/de\/haeufig-gestellte-fragen\/\" \/>\n<meta property=\"og:locale\" content=\"de_DE\" \/>\n<meta property=\"og:type\" content=\"article\" \/>\n<meta property=\"og:title\" content=\"H\u00e4ufig gestellte Fragen - De Nieuwe Winkel\" \/>\n<meta property=\"og:description\" content=\"Restaurant De Nieuwe Winkel. Meegaan met het seizoen en de natuur. Smaak staat voorop. We proberen je te verwonderen. Laat je verrassen.\" \/>\n<meta property=\"og:url\" content=\"https:\/\/denieuwewinkel.com\/de\/haeufig-gestellte-fragen\/\" \/>\n<meta property=\"og:site_name\" content=\"De Nieuwe Winkel\" \/>\n<meta property=\"article:publisher\" content=\"https:\/\/www.facebook.com\/RestaurantDeNieuweWinkel\" \/>\n<meta property=\"article:modified_time\" content=\"2026-03-18T16:49:55+00:00\" \/>\n<meta property=\"og:image\" content=\"https:\/\/denieuwewinkel.com\/wp-content\/uploads\/2022\/12\/De-Nieuwe-Winkel-Het-Restaurant.jpg\" \/>\n\t<meta property=\"og:image:width\" content=\"1900\" \/>\n\t<meta property=\"og:image:height\" content=\"1267\" \/>\n\t<meta property=\"og:image:type\" content=\"image\/jpeg\" \/>\n<meta name=\"twitter:card\" content=\"summary_large_image\" \/>\n<meta name=\"twitter:label1\" content=\"Gesch\u00e4tzte Lesezeit\" \/>\n\t<meta name=\"twitter:data1\" content=\"4\u00a0Minuten\" \/>\n<script type=\"application\/ld+json\" class=\"yoast-schema-graph\">{\"@context\":\"https:\\\/\\\/schema.org\",\"@graph\":[{\"@type\":\"WebPage\",\"@id\":\"https:\\\/\\\/denieuwewinkel.com\\\/de\\\/haeufig-gestellte-fragen\\\/\",\"url\":\"https:\\\/\\\/denieuwewinkel.com\\\/de\\\/haeufig-gestellte-fragen\\\/\",\"name\":\"H\u00e4ufig gestellte Fragen - De Nieuwe Winkel\",\"isPartOf\":{\"@id\":\"https:\\\/\\\/denieuwewinkel.com\\\/de\\\/#website\"},\"datePublished\":\"2022-12-07T14:24:20+00:00\",\"dateModified\":\"2026-03-18T16:49:55+00:00\",\"description\":\"Restaurant De Nieuwe Winkel. Meegaan met het seizoen en de natuur. Smaak staat voorop. We proberen je te verwonderen. Laat je verrassen.\",\"breadcrumb\":{\"@id\":\"https:\\\/\\\/denieuwewinkel.com\\\/de\\\/haeufig-gestellte-fragen\\\/#breadcrumb\"},\"inLanguage\":\"de\",\"potentialAction\":[{\"@type\":\"ReadAction\",\"target\":[\"https:\\\/\\\/denieuwewinkel.com\\\/de\\\/haeufig-gestellte-fragen\\\/\"]}]},{\"@type\":\"BreadcrumbList\",\"@id\":\"https:\\\/\\\/denieuwewinkel.com\\\/de\\\/haeufig-gestellte-fragen\\\/#breadcrumb\",\"itemListElement\":[{\"@type\":\"ListItem\",\"position\":1,\"name\":\"Home\",\"item\":\"https:\\\/\\\/denieuwewinkel.com\\\/de\\\/\"},{\"@type\":\"ListItem\",\"position\":2,\"name\":\"H\u00e4ufig gestellte Fragen\"}]},{\"@type\":\"WebSite\",\"@id\":\"https:\\\/\\\/denieuwewinkel.com\\\/de\\\/#website\",\"url\":\"https:\\\/\\\/denieuwewinkel.com\\\/de\\\/\",\"name\":\"De Nieuwe Winkel\",\"description\":\"We mogen de natuur best wat meer vertrouwen.\",\"publisher\":{\"@id\":\"https:\\\/\\\/denieuwewinkel.com\\\/de\\\/#organization\"},\"alternateName\":\"DNW\",\"potentialAction\":[{\"@type\":\"SearchAction\",\"target\":{\"@type\":\"EntryPoint\",\"urlTemplate\":\"https:\\\/\\\/denieuwewinkel.com\\\/de\\\/?s={search_term_string}\"},\"query-input\":{\"@type\":\"PropertyValueSpecification\",\"valueRequired\":true,\"valueName\":\"search_term_string\"}}],\"inLanguage\":\"de\"},{\"@type\":\"Organization\",\"@id\":\"https:\\\/\\\/denieuwewinkel.com\\\/de\\\/#organization\",\"name\":\"Restaurant De Nieuwe Winkel\",\"url\":\"https:\\\/\\\/denieuwewinkel.com\\\/de\\\/\",\"logo\":{\"@type\":\"ImageObject\",\"inLanguage\":\"de\",\"@id\":\"https:\\\/\\\/denieuwewinkel.com\\\/de\\\/#\\\/schema\\\/logo\\\/image\\\/\",\"url\":\"https:\\\/\\\/denieuwewinkel.com\\\/wp-content\\\/uploads\\\/2023\\\/01\\\/DNW-LOGO-PLACEHOLDER-2.jpg\",\"contentUrl\":\"https:\\\/\\\/denieuwewinkel.com\\\/wp-content\\\/uploads\\\/2023\\\/01\\\/DNW-LOGO-PLACEHOLDER-2.jpg\",\"width\":2534,\"height\":2534,\"caption\":\"Restaurant De Nieuwe Winkel\"},\"image\":{\"@id\":\"https:\\\/\\\/denieuwewinkel.com\\\/de\\\/#\\\/schema\\\/logo\\\/image\\\/\"},\"sameAs\":[\"https:\\\/\\\/www.facebook.com\\\/RestaurantDeNieuweWinkel\",\"https:\\\/\\\/www.instagram.com\\\/restaurantdenieuwewinkel\\\/\"]}]}<\/script>\n<!-- \/ Yoast SEO plugin. -->","yoast_head_json":{"title":"H\u00e4ufig gestellte Fragen - De Nieuwe Winkel","description":"Restaurant De Nieuwe Winkel. Meegaan met het seizoen en de natuur. Smaak staat voorop. We proberen je te verwonderen. Laat je verrassen.","robots":{"index":"index","follow":"follow","max-snippet":"max-snippet:-1","max-image-preview":"max-image-preview:large","max-video-preview":"max-video-preview:-1"},"canonical":"https:\/\/denieuwewinkel.com\/de\/haeufig-gestellte-fragen\/","og_locale":"de_DE","og_type":"article","og_title":"H\u00e4ufig gestellte Fragen - De Nieuwe Winkel","og_description":"Restaurant De Nieuwe Winkel. Meegaan met het seizoen en de natuur. Smaak staat voorop. We proberen je te verwonderen. Laat je verrassen.","og_url":"https:\/\/denieuwewinkel.com\/de\/haeufig-gestellte-fragen\/","og_site_name":"De Nieuwe Winkel","article_publisher":"https:\/\/www.facebook.com\/RestaurantDeNieuweWinkel","article_modified_time":"2026-03-18T16:49:55+00:00","og_image":[{"width":1900,"height":1267,"url":"https:\/\/denieuwewinkel.com\/wp-content\/uploads\/2022\/12\/De-Nieuwe-Winkel-Het-Restaurant.jpg","type":"image\/jpeg"}],"twitter_card":"summary_large_image","twitter_misc":{"Gesch\u00e4tzte Lesezeit":"4\u00a0Minuten"},"schema":{"@context":"https:\/\/schema.org","@graph":[{"@type":"WebPage","@id":"https:\/\/denieuwewinkel.com\/de\/haeufig-gestellte-fragen\/","url":"https:\/\/denieuwewinkel.com\/de\/haeufig-gestellte-fragen\/","name":"H\u00e4ufig gestellte Fragen - De Nieuwe Winkel","isPartOf":{"@id":"https:\/\/denieuwewinkel.com\/de\/#website"},"datePublished":"2022-12-07T14:24:20+00:00","dateModified":"2026-03-18T16:49:55+00:00","description":"Restaurant De Nieuwe Winkel. Meegaan met het seizoen en de natuur. Smaak staat voorop. We proberen je te verwonderen. Laat je verrassen.","breadcrumb":{"@id":"https:\/\/denieuwewinkel.com\/de\/haeufig-gestellte-fragen\/#breadcrumb"},"inLanguage":"de","potentialAction":[{"@type":"ReadAction","target":["https:\/\/denieuwewinkel.com\/de\/haeufig-gestellte-fragen\/"]}]},{"@type":"BreadcrumbList","@id":"https:\/\/denieuwewinkel.com\/de\/haeufig-gestellte-fragen\/#breadcrumb","itemListElement":[{"@type":"ListItem","position":1,"name":"Home","item":"https:\/\/denieuwewinkel.com\/de\/"},{"@type":"ListItem","position":2,"name":"H\u00e4ufig gestellte Fragen"}]},{"@type":"WebSite","@id":"https:\/\/denieuwewinkel.com\/de\/#website","url":"https:\/\/denieuwewinkel.com\/de\/","name":"De Nieuwe Winkel","description":"We mogen de natuur best wat meer vertrouwen.","publisher":{"@id":"https:\/\/denieuwewinkel.com\/de\/#organization"},"alternateName":"DNW","potentialAction":[{"@type":"SearchAction","target":{"@type":"EntryPoint","urlTemplate":"https:\/\/denieuwewinkel.com\/de\/?s={search_term_string}"},"query-input":{"@type":"PropertyValueSpecification","valueRequired":true,"valueName":"search_term_string"}}],"inLanguage":"de"},{"@type":"Organization","@id":"https:\/\/denieuwewinkel.com\/de\/#organization","name":"Restaurant De Nieuwe Winkel","url":"https:\/\/denieuwewinkel.com\/de\/","logo":{"@type":"ImageObject","inLanguage":"de","@id":"https:\/\/denieuwewinkel.com\/de\/#\/schema\/logo\/image\/","url":"https:\/\/denieuwewinkel.com\/wp-content\/uploads\/2023\/01\/DNW-LOGO-PLACEHOLDER-2.jpg","contentUrl":"https:\/\/denieuwewinkel.com\/wp-content\/uploads\/2023\/01\/DNW-LOGO-PLACEHOLDER-2.jpg","width":2534,"height":2534,"caption":"Restaurant De Nieuwe Winkel"},"image":{"@id":"https:\/\/denieuwewinkel.com\/de\/#\/schema\/logo\/image\/"},"sameAs":["https:\/\/www.facebook.com\/RestaurantDeNieuweWinkel","https:\/\/www.instagram.com\/restaurantdenieuwewinkel\/"]}]}},"_links":{"self":[{"href":"https:\/\/denieuwewinkel.com\/de\/wp-json\/wp\/v2\/pages\/4844","targetHints":{"allow":["GET"]}}],"collection":[{"href":"https:\/\/denieuwewinkel.com\/de\/wp-json\/wp\/v2\/pages"}],"about":[{"href":"https:\/\/denieuwewinkel.com\/de\/wp-json\/wp\/v2\/types\/page"}],"author":[{"embeddable":true,"href":"https:\/\/denieuwewinkel.com\/de\/wp-json\/wp\/v2\/users\/1"}],"replies":[{"embeddable":true,"href":"https:\/\/denieuwewinkel.com\/de\/wp-json\/wp\/v2\/comments?post=4844"}],"version-history":[{"count":7,"href":"https:\/\/denieuwewinkel.com\/de\/wp-json\/wp\/v2\/pages\/4844\/revisions"}],"predecessor-version":[{"id":5074,"href":"https:\/\/denieuwewinkel.com\/de\/wp-json\/wp\/v2\/pages\/4844\/revisions\/5074"}],"wp:attachment":[{"href":"https:\/\/denieuwewinkel.com\/de\/wp-json\/wp\/v2\/media?parent=4844"}],"curies":[{"name":"wp","href":"https:\/\/api.w.org\/{rel}","templated":true}]}}