{"id":5051,"date":"2022-12-21T10:44:22","date_gmt":"2022-12-21T09:44:22","guid":{"rendered":"https:\/\/denieuwewinkel.com\/wegbeschreibung\/"},"modified":"2026-03-02T09:16:22","modified_gmt":"2026-03-02T08:16:22","slug":"wegbeschreibung","status":"publish","type":"page","link":"https:\/\/denieuwewinkel.com\/de\/wegbeschreibung\/","title":{"rendered":"Wegbeschreibung"},"content":{"rendered":"<div class=\"wpb-content-wrapper\"><p>[vc_row row_height_percent=&#8221;100&#8243; override_padding=&#8221;yes&#8221; h_padding=&#8221;2&#8243; top_padding=&#8221;2&#8243; bottom_padding=&#8221;4&#8243; back_color=&#8221;color-192171&#8243; overlay_alpha=&#8221;50&#8243; gutter_size=&#8221;3&#8243; column_width_use_pixel=&#8221;yes&#8221; shift_y=&#8221;0&#8243; z_index=&#8221;0&#8243; uncode_shortcode_id=&#8221;279032&#8243; back_color_type=&#8221;uncode-palette&#8221; column_width_pixel=&#8221;600&#8243; shape_dividers=&#8221;&#8221;][vc_column column_width_percent=&#8221;100&#8243; position_vertical=&#8221;middle&#8221; gutter_size=&#8221;3&#8243; style=&#8221;dark&#8221; overlay_alpha=&#8221;50&#8243; shift_x=&#8221;0&#8243; shift_y=&#8221;0&#8243; shift_y_down=&#8221;0&#8243; z_index=&#8221;0&#8243; medium_width=&#8221;0&#8243; mobile_width=&#8221;0&#8243; width=&#8221;1\/1&#8243; uncode_shortcode_id=&#8221;191038&#8243;][vc_custom_heading text_color=&#8221;color-456047&#8243; heading_semantic=&#8221;h3&#8243; text_font=&#8221;font-555555&#8243; text_size=&#8221;fontsize-630816&#8243; text_weight=&#8221;400&#8243; uncode_shortcode_id=&#8221;711877&#8243; text_color_type=&#8221;uncode-palette&#8221;]Wegbeschreibung[\/vc_custom_heading][vc_accordion el_class=&#8221;veelgestelde-vragen&#8221;][vc_accordion_tab gutter_size=&#8221;2&#8243; column_padding=&#8221;2&#8243; title=&#8221;Auto&#8221; tab_id=&#8221;1663592451-1-701670423029728&#8243;][vc_column_text uncode_shortcode_id=&#8221;161647&#8243;]<\/p>\n<div class=\"bt_bb_text\">\n<p>Das Restaurant De Nieuwe Winkel befindet sich in einer autofreien Zone. Wir haben also keinen eigenen Parkplatz. Am besten parken Sie Ihr Auto auf dem &#8220;Old Town Parking Lot&#8221;. Die Adresse des Parkplatzes lautet: Nieuwe Hezelpoort, 6541 MG Nijmegen. Von hier aus sind es acht Minuten zu Fu\u00df bis zum Restaurant De Nieuwe Winkel. \u00dcber die Schaltfl\u00e4che unten k\u00f6nnen Sie sich den Fu\u00dfweg vom Parkplatz zum Restaurant in Google Maps anzeigen lassen. Wenn Sie bei den Gebroeders van Limburgplein angekommen sind, gehen Sie die breite Treppe hinauf und erreichen die Terrasse und den Eingang zum Restaurant.      <\/p>\n<\/div>\n<p>[\/vc_column_text][vc_button border_width=&#8221;0&#8243; scale_mobile=&#8221;no&#8221; lbox_skin=&#8221;white&#8221; uncode_shortcode_id=&#8221;581279&#8243; el_class=&#8221;btn-right&#8221; link=&#8221;url:https%3A%2F%2Fwww.google.com%2Fmaps%2Fdir%2FHeselaan%2B4%2BParking%2C%2BHeselaan%2B4%2C%2B6541%2BMG%2BNijmegen%2F51.8476007%2C5.859531%2F%4051.8483282%2C5.8557513%2C18z%2Fdata%3D%214m9%214m8%211m5%211m1%211s0x47c7086998d48781%3A0xf19bad25993ea6bb%212m2%211d5.8539748%212d51.8484514%211m0%213e2|target:_blank|&#8221;]Wanderroute vom Parkplatz aus[\/vc_button][\/vc_accordion_tab][vc_accordion_tab gutter_size=&#8221;2&#8243; column_padding=&#8221;2&#8243; title=&#8221;\u00d6ffentliche Verkehrsmittel&#8221; tab_id=&#8221;1663592451-2-101670423029728&#8243;][vc_column_text uncode_shortcode_id=&#8221;191952&#8243;]Wenn Sie das Restaurant De Nieuwe Winkel mit den \u00f6ffentlichen Verkehrsmitteln erreichen, fahren Sie am besten mit dem Zug bis zum Bahnhof Nijmegen. Vom Bahnhof aus erreichen Sie das Restaurant in zehn Minuten zu Fu\u00df. \u00dcber die Schaltfl\u00e4che unten k\u00f6nnen Sie sich den Fu\u00dfweg vom Bahnhof zum Restaurant in Google Maps anzeigen lassen. Sobald Sie am Gebroeders van Limburgplein angekommen sind, gehen Sie die breite Treppe hinauf und erreichen die Terrasse und den Eingang zum Restaurant.[\/vc_column_text][vc_button border_width=&#8221;0&#8243; scale_mobile=&#8221;no&#8221; lbox_skin=&#8221;white&#8221; uncode_shortcode_id=&#8221;334873&#8243; el_class=&#8221;btn-right&#8221; link=&#8221;url:https%3A%2F%2Fwww.google.com%2Fmaps%2Fdir%2FNijmegen%2BCentral%2BStation%2C%2BNijmegen%2F51.8476007%2C5.859531%2F%4051.8455312%2C5.8522224%2C16z%2Fdata%3D%213m1%214b1%214m9%214m8%211m5%211m1%211s0x47c70867a45fa9d9%3A0x5c785dbc3c0e74a3%212m2%211d5.8536685%212d51.8435703%211m0%213e2|target:_blank|&#8221;]Fu\u00dfweg vom Hauptbahnhof[\/vc_button][\/vc_accordion_tab][vc_accordion_tab gutter_size=&#8221;2&#8243; column_padding=&#8221;2&#8243; title=&#8221;Laufend&#8221; tab_id=&#8221;1663592788553-2-31670423029728&#8243;][vc_column_text uncode_shortcode_id=&#8221;337269&#8243;]<\/p>\n<div class=\"bt_bb_text\">\n<p>Sie kommen zu Fu\u00df zum The New Shop? Vom Grand Place aus erreichen Sie das Restaurant in f\u00fcnf Minuten zu Fu\u00df. Vom Grote Markt aus gehen Sie die Stikke Hezelstraat zur Lange Hezelstraat hinunter, bis Sie die Pommesbude Piccolino erreichen. Gehen Sie hier nach links um die Ecke, in den Hessenberg. Gehen Sie weiter geradeaus, bis Sie zum Gebroeders van Limburgplein kommen. Gehen Sie die Treppe hinauf und erreichen Sie die Terrasse und den Eingang zum Restaurant.     <\/p>\n<p>Kommen Sie von der anderen Seite der Lange Hezelstraat? Dann fahren Sie weiter geradeaus, bis Sie die Bakery de Bie erreichen. Biegen Sie hier rechts ab und die erste Stra\u00dfe links. Wenn Sie geradeaus weitergehen, kommen Sie zu den Gebroeders van Limburgplein. Gehen Sie die Treppe hinauf und erreichen Sie die Terrasse und den Eingang zum Restaurant. Verwenden Sie die Schaltfl\u00e4chen unten, um beide Routen in Google Maps zu sehen.     <\/p>\n<\/div>\n<p>[\/vc_column_text][vc_button border_width=&#8221;0&#8243; scale_mobile=&#8221;no&#8221; lbox_skin=&#8221;white&#8221; uncode_shortcode_id=&#8221;916954&#8243; el_class=&#8221;btn-right&#8221; link=&#8221;url:https%3A%2F%2Fwww.google.nl%2Fmaps%2Fdir%2FGrote%2BMarkt%2C%2B6511%2BKB%2BNijmegen%2FHessenberg%2C%2B6511%2BBR%2BNijmegen%2F%4051.8475316%2C5.8607608%2C18.93z%2Fdata%3D%214m14%214m13%211m5%211m1%211s0x47c708446e322ee3%3A0x4672e19704c519ed%212m2%211d5.8639815%212d51.8473657%211m5%211m1%211s0x47c708424c75ed5d%3A0x795d729d4d2bb985%212m2%211d5.8599989%212d51.847652%213e2|target:_blank|&#8221;]Spazierweg vom Grand Place[\/vc_button][vc_button border_width=&#8221;0&#8243; scale_mobile=&#8221;no&#8221; lbox_skin=&#8221;white&#8221; uncode_shortcode_id=&#8221;168551&#8243; el_class=&#8221;btn-right&#8221; link=&#8221;url:https%3A%2F%2Fwww.google.nl%2Fmaps%2Fdir%2FLange%2BHezelstraat%2B1%2C%2B6511%2BCA%2BNijmegen%2FHessenberg%2C%2B6511%2BBR%2BNijmegen%2F%4051.8477252%2C5.8594119%2C18z%2Fdata%3D%213m1%214b1%214m14%214m13%211m5%211m1%211s0x47c70843b94d99eb%3A0xa6e277ee47f29830%212m2%211d5.8612097%212d51.8476864%211m5%211m1%211s0x47c708424c75ed5d%3A0x795d729d4d2bb985%212m2%211d5.8598027%212d51.8476303%213e2|target:_blank|&#8221;]Wanderroute vom Beginn der Lange Hezelstraat[\/vc_button][\/vc_accordion_tab][\/vc_accordion][\/vc_column][\/vc_row]<\/p>\n<\/div>","protected":false},"excerpt":{"rendered":"<p>[vc_row row_height_percent=&#8221;100&#8243; override_padding=&#8221;yes&#8221; h_padding=&#8221;2&#8243; top_padding=&#8221;2&#8243; bottom_padding=&#8221;4&#8243; back_color=&#8221;color-192171&#8243; overlay_alpha=&#8221;50&#8243; gutter_size=&#8221;3&#8243; column_width_use_pixel=&#8221;yes&#8221; shift_y=&#8221;0&#8243; z_index=&#8221;0&#8243; uncode_shortcode_id=&#8221;279032&#8243; back_color_type=&#8221;uncode-palette&#8221; column_width_pixel=&#8221;600&#8243; shape_dividers=&#8221;&#8221;][vc_column column_width_percent=&#8221;100&#8243; position_vertical=&#8221;middle&#8221; gutter_size=&#8221;3&#8243; style=&#8221;dark&#8221; [&hellip;]<\/p>\n","protected":false},"author":1,"featured_media":0,"parent":0,"menu_order":0,"comment_status":"closed","ping_status":"closed","template":"","meta":{"footnotes":""},"class_list":["post-5051","page","type-page","status-publish","hentry"],"yoast_head":"<!-- This site is optimized with the Yoast SEO plugin v27.4 - https:\/\/yoast.com\/product\/yoast-seo-wordpress\/ -->\n<title>Wegbeschreibung - De Nieuwe Winkel<\/title>\n<meta name=\"description\" content=\"Das Restaurant De Nieuwe Winkel befindet sich in Gebroeders van Limburgplein 7, Nijmegen. Bitte benutzen Sie unsere Wegbeschreibung.\" \/>\n<meta name=\"robots\" content=\"index, follow, max-snippet:-1, max-image-preview:large, max-video-preview:-1\" \/>\n<link rel=\"canonical\" href=\"https:\/\/denieuwewinkel.com\/de\/wegbeschreibung\/\" \/>\n<meta property=\"og:locale\" content=\"de_DE\" \/>\n<meta property=\"og:type\" content=\"article\" \/>\n<meta property=\"og:title\" content=\"Wegbeschreibung - De Nieuwe Winkel\" \/>\n<meta property=\"og:description\" content=\"Das Restaurant De Nieuwe Winkel befindet sich in Gebroeders van Limburgplein 7, Nijmegen. Bitte benutzen Sie unsere Wegbeschreibung.\" \/>\n<meta property=\"og:url\" content=\"https:\/\/denieuwewinkel.com\/de\/wegbeschreibung\/\" \/>\n<meta property=\"og:site_name\" content=\"De Nieuwe Winkel\" \/>\n<meta property=\"article:publisher\" content=\"https:\/\/www.facebook.com\/RestaurantDeNieuweWinkel\" \/>\n<meta property=\"article:modified_time\" content=\"2026-03-02T08:16:22+00:00\" \/>\n<meta property=\"og:image\" content=\"https:\/\/denieuwewinkel.com\/wp-content\/uploads\/2022\/12\/De-Nieuwe-Winkel-Het-Restaurant.jpg\" \/>\n\t<meta property=\"og:image:width\" content=\"1900\" \/>\n\t<meta property=\"og:image:height\" content=\"1267\" \/>\n\t<meta property=\"og:image:type\" content=\"image\/jpeg\" \/>\n<meta name=\"twitter:card\" content=\"summary_large_image\" \/>\n<meta name=\"twitter:label1\" content=\"Gesch\u00e4tzte Lesezeit\" \/>\n\t<meta name=\"twitter:data1\" content=\"4\u00a0Minuten\" \/>\n<script type=\"application\/ld+json\" class=\"yoast-schema-graph\">{\"@context\":\"https:\\\/\\\/schema.org\",\"@graph\":[{\"@type\":\"WebPage\",\"@id\":\"https:\\\/\\\/denieuwewinkel.com\\\/de\\\/wegbeschreibung\\\/\",\"url\":\"https:\\\/\\\/denieuwewinkel.com\\\/de\\\/wegbeschreibung\\\/\",\"name\":\"Wegbeschreibung - De Nieuwe Winkel\",\"isPartOf\":{\"@id\":\"https:\\\/\\\/denieuwewinkel.com\\\/de\\\/#website\"},\"datePublished\":\"2022-12-21T09:44:22+00:00\",\"dateModified\":\"2026-03-02T08:16:22+00:00\",\"description\":\"Das Restaurant De Nieuwe Winkel befindet sich in Gebroeders van Limburgplein 7, Nijmegen. Bitte benutzen Sie unsere Wegbeschreibung.\",\"breadcrumb\":{\"@id\":\"https:\\\/\\\/denieuwewinkel.com\\\/de\\\/wegbeschreibung\\\/#breadcrumb\"},\"inLanguage\":\"de\",\"potentialAction\":[{\"@type\":\"ReadAction\",\"target\":[\"https:\\\/\\\/denieuwewinkel.com\\\/de\\\/wegbeschreibung\\\/\"]}]},{\"@type\":\"BreadcrumbList\",\"@id\":\"https:\\\/\\\/denieuwewinkel.com\\\/de\\\/wegbeschreibung\\\/#breadcrumb\",\"itemListElement\":[{\"@type\":\"ListItem\",\"position\":1,\"name\":\"Home\",\"item\":\"https:\\\/\\\/denieuwewinkel.com\\\/de\\\/\"},{\"@type\":\"ListItem\",\"position\":2,\"name\":\"Wegbeschreibung\"}]},{\"@type\":\"WebSite\",\"@id\":\"https:\\\/\\\/denieuwewinkel.com\\\/de\\\/#website\",\"url\":\"https:\\\/\\\/denieuwewinkel.com\\\/de\\\/\",\"name\":\"De Nieuwe Winkel\",\"description\":\"We mogen de natuur best wat meer vertrouwen.\",\"publisher\":{\"@id\":\"https:\\\/\\\/denieuwewinkel.com\\\/de\\\/#organization\"},\"alternateName\":\"DNW\",\"potentialAction\":[{\"@type\":\"SearchAction\",\"target\":{\"@type\":\"EntryPoint\",\"urlTemplate\":\"https:\\\/\\\/denieuwewinkel.com\\\/de\\\/?s={search_term_string}\"},\"query-input\":{\"@type\":\"PropertyValueSpecification\",\"valueRequired\":true,\"valueName\":\"search_term_string\"}}],\"inLanguage\":\"de\"},{\"@type\":\"Organization\",\"@id\":\"https:\\\/\\\/denieuwewinkel.com\\\/de\\\/#organization\",\"name\":\"Restaurant De Nieuwe Winkel\",\"url\":\"https:\\\/\\\/denieuwewinkel.com\\\/de\\\/\",\"logo\":{\"@type\":\"ImageObject\",\"inLanguage\":\"de\",\"@id\":\"https:\\\/\\\/denieuwewinkel.com\\\/de\\\/#\\\/schema\\\/logo\\\/image\\\/\",\"url\":\"https:\\\/\\\/denieuwewinkel.com\\\/wp-content\\\/uploads\\\/2023\\\/01\\\/DNW-LOGO-PLACEHOLDER-2.jpg\",\"contentUrl\":\"https:\\\/\\\/denieuwewinkel.com\\\/wp-content\\\/uploads\\\/2023\\\/01\\\/DNW-LOGO-PLACEHOLDER-2.jpg\",\"width\":2534,\"height\":2534,\"caption\":\"Restaurant De Nieuwe Winkel\"},\"image\":{\"@id\":\"https:\\\/\\\/denieuwewinkel.com\\\/de\\\/#\\\/schema\\\/logo\\\/image\\\/\"},\"sameAs\":[\"https:\\\/\\\/www.facebook.com\\\/RestaurantDeNieuweWinkel\",\"https:\\\/\\\/www.instagram.com\\\/restaurantdenieuwewinkel\\\/\"]}]}<\/script>\n<!-- \/ Yoast SEO plugin. -->","yoast_head_json":{"title":"Wegbeschreibung - De Nieuwe Winkel","description":"Das Restaurant De Nieuwe Winkel befindet sich in Gebroeders van Limburgplein 7, Nijmegen. Bitte benutzen Sie unsere Wegbeschreibung.","robots":{"index":"index","follow":"follow","max-snippet":"max-snippet:-1","max-image-preview":"max-image-preview:large","max-video-preview":"max-video-preview:-1"},"canonical":"https:\/\/denieuwewinkel.com\/de\/wegbeschreibung\/","og_locale":"de_DE","og_type":"article","og_title":"Wegbeschreibung - De Nieuwe Winkel","og_description":"Das Restaurant De Nieuwe Winkel befindet sich in Gebroeders van Limburgplein 7, Nijmegen. Bitte benutzen Sie unsere Wegbeschreibung.","og_url":"https:\/\/denieuwewinkel.com\/de\/wegbeschreibung\/","og_site_name":"De Nieuwe Winkel","article_publisher":"https:\/\/www.facebook.com\/RestaurantDeNieuweWinkel","article_modified_time":"2026-03-02T08:16:22+00:00","og_image":[{"width":1900,"height":1267,"url":"https:\/\/denieuwewinkel.com\/wp-content\/uploads\/2022\/12\/De-Nieuwe-Winkel-Het-Restaurant.jpg","type":"image\/jpeg"}],"twitter_card":"summary_large_image","twitter_misc":{"Gesch\u00e4tzte Lesezeit":"4\u00a0Minuten"},"schema":{"@context":"https:\/\/schema.org","@graph":[{"@type":"WebPage","@id":"https:\/\/denieuwewinkel.com\/de\/wegbeschreibung\/","url":"https:\/\/denieuwewinkel.com\/de\/wegbeschreibung\/","name":"Wegbeschreibung - De Nieuwe Winkel","isPartOf":{"@id":"https:\/\/denieuwewinkel.com\/de\/#website"},"datePublished":"2022-12-21T09:44:22+00:00","dateModified":"2026-03-02T08:16:22+00:00","description":"Das Restaurant De Nieuwe Winkel befindet sich in Gebroeders van Limburgplein 7, Nijmegen. Bitte benutzen Sie unsere Wegbeschreibung.","breadcrumb":{"@id":"https:\/\/denieuwewinkel.com\/de\/wegbeschreibung\/#breadcrumb"},"inLanguage":"de","potentialAction":[{"@type":"ReadAction","target":["https:\/\/denieuwewinkel.com\/de\/wegbeschreibung\/"]}]},{"@type":"BreadcrumbList","@id":"https:\/\/denieuwewinkel.com\/de\/wegbeschreibung\/#breadcrumb","itemListElement":[{"@type":"ListItem","position":1,"name":"Home","item":"https:\/\/denieuwewinkel.com\/de\/"},{"@type":"ListItem","position":2,"name":"Wegbeschreibung"}]},{"@type":"WebSite","@id":"https:\/\/denieuwewinkel.com\/de\/#website","url":"https:\/\/denieuwewinkel.com\/de\/","name":"De Nieuwe Winkel","description":"We mogen de natuur best wat meer vertrouwen.","publisher":{"@id":"https:\/\/denieuwewinkel.com\/de\/#organization"},"alternateName":"DNW","potentialAction":[{"@type":"SearchAction","target":{"@type":"EntryPoint","urlTemplate":"https:\/\/denieuwewinkel.com\/de\/?s={search_term_string}"},"query-input":{"@type":"PropertyValueSpecification","valueRequired":true,"valueName":"search_term_string"}}],"inLanguage":"de"},{"@type":"Organization","@id":"https:\/\/denieuwewinkel.com\/de\/#organization","name":"Restaurant De Nieuwe Winkel","url":"https:\/\/denieuwewinkel.com\/de\/","logo":{"@type":"ImageObject","inLanguage":"de","@id":"https:\/\/denieuwewinkel.com\/de\/#\/schema\/logo\/image\/","url":"https:\/\/denieuwewinkel.com\/wp-content\/uploads\/2023\/01\/DNW-LOGO-PLACEHOLDER-2.jpg","contentUrl":"https:\/\/denieuwewinkel.com\/wp-content\/uploads\/2023\/01\/DNW-LOGO-PLACEHOLDER-2.jpg","width":2534,"height":2534,"caption":"Restaurant De Nieuwe Winkel"},"image":{"@id":"https:\/\/denieuwewinkel.com\/de\/#\/schema\/logo\/image\/"},"sameAs":["https:\/\/www.facebook.com\/RestaurantDeNieuweWinkel","https:\/\/www.instagram.com\/restaurantdenieuwewinkel\/"]}]}},"_links":{"self":[{"href":"https:\/\/denieuwewinkel.com\/de\/wp-json\/wp\/v2\/pages\/5051","targetHints":{"allow":["GET"]}}],"collection":[{"href":"https:\/\/denieuwewinkel.com\/de\/wp-json\/wp\/v2\/pages"}],"about":[{"href":"https:\/\/denieuwewinkel.com\/de\/wp-json\/wp\/v2\/types\/page"}],"author":[{"embeddable":true,"href":"https:\/\/denieuwewinkel.com\/de\/wp-json\/wp\/v2\/users\/1"}],"replies":[{"embeddable":true,"href":"https:\/\/denieuwewinkel.com\/de\/wp-json\/wp\/v2\/comments?post=5051"}],"version-history":[{"count":2,"href":"https:\/\/denieuwewinkel.com\/de\/wp-json\/wp\/v2\/pages\/5051\/revisions"}],"predecessor-version":[{"id":5053,"href":"https:\/\/denieuwewinkel.com\/de\/wp-json\/wp\/v2\/pages\/5051\/revisions\/5053"}],"wp:attachment":[{"href":"https:\/\/denieuwewinkel.com\/de\/wp-json\/wp\/v2\/media?parent=5051"}],"curies":[{"name":"wp","href":"https:\/\/api.w.org\/{rel}","templated":true}]}}